{"id":10396,"date":"2024-05-22T18:02:38","date_gmt":"2024-05-22T16:02:38","guid":{"rendered":"https:\/\/adottawalls.com\/new-york-showroom-virtual-tour\/"},"modified":"2026-01-14T10:00:30","modified_gmt":"2026-01-14T09:00:30","slug":"ny-market-2026","status":"publish","type":"page","link":"https:\/\/adottawalls.com\/de\/ny-market-2026\/","title":{"rendered":"Ny Market 2026"},"content":{"rendered":"\t\t<div data-elementor-type=\"wp-page\" data-elementor-id=\"10396\" class=\"elementor elementor-10396 elementor-8884\" data-elementor-post-type=\"page\">\n\t\t\t\t\t\t<section class=\"elementor-section elementor-top-section elementor-element elementor-element-04c1439 elementor-section-boxed elementor-section-height-default elementor-section-height-default\" data-id=\"04c1439\" data-element_type=\"section\">\n\t\t\t\t\t\t<div class=\"elementor-container elementor-column-gap-default\">\n\t\t\t\t\t<div class=\"elementor-column elementor-col-100 elementor-top-column elementor-element elementor-element-1a1ff73\" data-id=\"1a1ff73\" data-element_type=\"column\">\n\t\t\t<div class=\"elementor-widget-wrap elementor-element-populated\">\n\t\t\t\t\t\t<div class=\"elementor-element elementor-element-c8e06cf elementor-widget elementor-widget-text-editor\" data-id=\"c8e06cf\" data-element_type=\"widget\" data-widget_type=\"text-editor.default\">\n\t\t\t\t<div class=\"elementor-widget-container\">\n\t\t\t\t\t\t\t\t\t<p>Nach f\u00fcnfzehn Jahren erfolgreicher Zusammenarbeit haben Adotta und Wing Partners einvernehmlich beschlossen, ihre Partnerschaft mit Wirkung zum 31. Dezember 2025 zu beenden.<\/p><p><br \/>Im Laufe der Jahre haben beide Unternehmen zahlreiche herausragende Projekte realisiert und wesentlich zum Wachstum und zur Entwicklung des Marktes in New York beigetragen.<\/p><p>\u00a0<\/p><p>Da sich unsere jeweiligen Priorit\u00e4ten und Strategien weiterentwickelt haben, haben wir entschieden, unsere k\u00fcnftigen Aktivit\u00e4ten auf unabh\u00e4ngigen Wegen fortzusetzen.<\/p><p><br \/>Ab dem 1. Januar 2026 wird Adotta eine direkte Pr\u00e4senz in New York City aufbauen, um Architekturb\u00fcros, Generalunternehmern und Kunden eine kontinuierliche sowie gezielte Unterst\u00fctzung zu gew\u00e4hrleisten. \u00a0<\/p><p><br \/>Wir danken Wing Partners aufrichtig f\u00fcr die gemeinsam erzielten Ergebnisse und bekr\u00e4ftigen unser Engagement, die Weiterentwicklung von innovativem Design und innovativen Bauprojekten in New York City aktiv zu f\u00f6rdern.<\/p><p>\u00a0<\/p><p><em>Adotta<\/em><\/p>\t\t\t\t\t\t\t\t<\/div>\n\t\t\t\t<\/div>\n\t\t\t\t\t<\/div>\n\t\t<\/div>\n\t\t\t\t\t<\/div>\n\t\t<\/section>\n\t\t\t\t<section class=\"elementor-section elementor-top-section elementor-element elementor-element-5aff3b9 elementor-hidden-desktop elementor-hidden-tablet elementor-hidden-mobile elementor-section-boxed elementor-section-height-default elementor-section-height-default\" data-id=\"5aff3b9\" data-element_type=\"section\">\n\t\t\t\t\t\t<div class=\"elementor-container elementor-column-gap-default\">\n\t\t\t\t\t<div class=\"elementor-column elementor-col-100 elementor-top-column elementor-element elementor-element-2619da8\" data-id=\"2619da8\" data-element_type=\"column\">\n\t\t\t<div class=\"elementor-widget-wrap elementor-element-populated\">\n\t\t\t\t\t\t<div class=\"elementor-element elementor-element-30d3a99 elementor-widget elementor-widget-html\" data-id=\"30d3a99\" data-element_type=\"widget\" data-widget_type=\"html.default\">\n\t\t\t\t<div class=\"elementor-widget-container\">\n\t\t\t\t\t<iframe src=\"https:\/\/my.matterport.com\/show\/?m=xMkGTZp4Yf3&lang=eN\" frameborder=\"0\" width=\"1440\" height=\"800\"><\/iframe>\t\t\t\t<\/div>\n\t\t\t\t<\/div>\n\t\t\t\t\t<\/div>\n\t\t<\/div>\n\t\t\t\t\t<\/div>\n\t\t<\/section>\n\t\t\t\t<section class=\"elementor-section elementor-top-section elementor-element elementor-element-ef81dea elementor-hidden-desktop elementor-hidden-tablet elementor-hidden-mobile elementor-section-boxed elementor-section-height-default elementor-section-height-default\" data-id=\"ef81dea\" data-element_type=\"section\">\n\t\t\t\t\t\t<div class=\"elementor-container elementor-column-gap-default\">\n\t\t\t\t\t<div class=\"elementor-column elementor-col-50 elementor-top-column elementor-element elementor-element-f77c818\" data-id=\"f77c818\" data-element_type=\"column\">\n\t\t\t<div class=\"elementor-widget-wrap elementor-element-populated\">\n\t\t\t\t\t\t<div class=\"elementor-element elementor-element-6af1034 elementor-icon-list--layout-traditional elementor-list-item-link-full_width elementor-widget elementor-widget-icon-list\" data-id=\"6af1034\" data-element_type=\"widget\" data-widget_type=\"icon-list.default\">\n\t\t\t\t<div class=\"elementor-widget-container\">\n\t\t\t\t\t\t\t<ul class=\"elementor-icon-list-items\">\n\t\t\t\t\t\t\t<li class=\"elementor-icon-list-item\">\n\t\t\t\t\t\t\t\t\t\t\t<a href=\"https:\/\/adottawalls.com\/de\/projekte\/adotta-showroom-new-york\/\">\n\n\t\t\t\t\t\t\t\t\t\t\t<span class=\"elementor-icon-list-text\">ZUR PROJEKTSEITE ><\/span>\n\t\t\t\t\t\t\t\t\t\t\t<\/a>\n\t\t\t\t\t\t\t\t\t<\/li>\n\t\t\t\t\t\t<\/ul>\n\t\t\t\t\t\t<\/div>\n\t\t\t\t<\/div>\n\t\t\t\t\t<\/div>\n\t\t<\/div>\n\t\t\t\t<div class=\"elementor-column elementor-col-50 elementor-top-column elementor-element elementor-element-b88518d\" data-id=\"b88518d\" data-element_type=\"column\">\n\t\t\t<div class=\"elementor-widget-wrap elementor-element-populated\">\n\t\t\t\t\t\t<div class=\"elementor-element elementor-element-3e331c6 elementor-icon-list--layout-traditional elementor-list-item-link-full_width elementor-widget elementor-widget-icon-list\" data-id=\"3e331c6\" data-element_type=\"widget\" data-widget_type=\"icon-list.default\">\n\t\t\t\t<div class=\"elementor-widget-container\">\n\t\t\t\t\t\t\t<ul class=\"elementor-icon-list-items\">\n\t\t\t\t\t\t\t<li class=\"elementor-icon-list-item\">\n\t\t\t\t\t\t\t\t\t\t\t<a href=\"https:\/\/my.matterport.com\/show\/?m=xMkGTZp4Yf3\" target=\"_blank\" rel=\"nofollow\">\n\n\t\t\t\t\t\t\t\t\t\t\t<span class=\"elementor-icon-list-text\">GANZSEITIGE TOUR \u00d6FFNEN ><\/span>\n\t\t\t\t\t\t\t\t\t\t\t<\/a>\n\t\t\t\t\t\t\t\t\t<\/li>\n\t\t\t\t\t\t<\/ul>\n\t\t\t\t\t\t<\/div>\n\t\t\t\t<\/div>\n\t\t\t\t\t<\/div>\n\t\t<\/div>\n\t\t\t\t\t<\/div>\n\t\t<\/section>\n\t\t\t\t<section class=\"elementor-section elementor-top-section elementor-element elementor-element-0740853 elementor-section-boxed elementor-section-height-default elementor-section-height-default\" data-id=\"0740853\" data-element_type=\"section\">\n\t\t\t\t\t\t<div class=\"elementor-container elementor-column-gap-default\">\n\t\t\t\t\t<div class=\"elementor-column elementor-col-100 elementor-top-column elementor-element elementor-element-73bb725\" data-id=\"73bb725\" data-element_type=\"column\">\n\t\t\t<div class=\"elementor-widget-wrap elementor-element-populated\">\n\t\t\t\t\t\t<div class=\"elementor-element elementor-element-1b8f1f0 elementor-widget elementor-widget-spacer\" data-id=\"1b8f1f0\" data-element_type=\"widget\" data-widget_type=\"spacer.default\">\n\t\t\t\t<div class=\"elementor-widget-container\">\n\t\t\t\t\t\t\t<div class=\"elementor-spacer\">\n\t\t\t<div class=\"elementor-spacer-inner\"><\/div>\n\t\t<\/div>\n\t\t\t\t\t\t<\/div>\n\t\t\t\t<\/div>\n\t\t\t\t\t<\/div>\n\t\t<\/div>\n\t\t\t\t\t<\/div>\n\t\t<\/section>\n\t\t\t\t<\/div>\n\t\t","protected":false},"excerpt":{"rendered":"<p>Nach f\u00fcnfzehn Jahren erfolgreicher Zusammenarbeit haben Adotta und Wing Partners einvernehmlich beschlossen, ihre Partnerschaft mit Wirkung zum 31. Dezember 2025 zu beenden. Im Laufe der Jahre haben beide Unternehmen zahlreiche herausragende Projekte realisiert und wesentlich zum Wachstum und zur Entwicklung des Marktes in New York beigetragen. \u00a0 Da sich unsere jeweiligen Priorit\u00e4ten und Strategien weiterentwickelt [&hellip;]<\/p>\n","protected":false},"author":1,"featured_media":0,"parent":0,"menu_order":0,"comment_status":"closed","ping_status":"closed","template":"","meta":{"_acf_changed":false,"footnotes":""},"class_list":["post-10396","page","type-page","status-publish","hentry"],"acf":[],"yoast_head":"<!-- This site is optimized with the Yoast SEO Premium plugin v25.9 (Yoast SEO v27.0) - https:\/\/yoast.com\/product\/yoast-seo-premium-wordpress\/ -->\n<title>Ny Market 2026 - Adotta Walls<\/title>\n<meta name=\"robots\" content=\"index, follow, max-snippet:-1, max-image-preview:large, max-video-preview:-1\" \/>\n<link rel=\"canonical\" href=\"https:\/\/adottawalls.com\/de\/ny-market-2026\/\" \/>\n<meta property=\"og:locale\" content=\"de_DE\" \/>\n<meta property=\"og:type\" content=\"article\" \/>\n<meta property=\"og:title\" content=\"Ny Market 2026\" \/>\n<meta property=\"og:description\" content=\"Nach f\u00fcnfzehn Jahren erfolgreicher Zusammenarbeit haben Adotta und Wing Partners einvernehmlich beschlossen, ihre Partnerschaft mit Wirkung zum 31. Dezember 2025 zu beenden. Im Laufe der Jahre haben beide Unternehmen zahlreiche herausragende Projekte realisiert und wesentlich zum Wachstum und zur Entwicklung des Marktes in New York beigetragen. \u00a0 Da sich unsere jeweiligen Priorit\u00e4ten und Strategien weiterentwickelt [&hellip;]\" \/>\n<meta property=\"og:url\" content=\"https:\/\/adottawalls.com\/de\/ny-market-2026\/\" \/>\n<meta property=\"og:site_name\" content=\"Adotta Walls\" \/>\n<meta property=\"article:modified_time\" content=\"2026-01-14T09:00:30+00:00\" \/>\n<meta name=\"twitter:card\" content=\"summary_large_image\" \/>\n<meta name=\"twitter:label1\" content=\"Gesch\u00e4tzte Lesezeit\" \/>\n\t<meta name=\"twitter:data1\" content=\"1\u00a0Minute\" \/>\n<script type=\"application\/ld+json\" class=\"yoast-schema-graph\">{\"@context\":\"https:\/\/schema.org\",\"@graph\":[{\"@type\":\"WebPage\",\"@id\":\"https:\/\/adottawalls.com\/de\/ny-market-2026\/\",\"url\":\"https:\/\/adottawalls.com\/de\/ny-market-2026\/\",\"name\":\"Ny Market 2026 - Adotta Walls\",\"isPartOf\":{\"@id\":\"https:\/\/adottawalls.com\/de\/#website\"},\"datePublished\":\"2024-05-22T16:02:38+00:00\",\"dateModified\":\"2026-01-14T09:00:30+00:00\",\"breadcrumb\":{\"@id\":\"https:\/\/adottawalls.com\/de\/ny-market-2026\/#breadcrumb\"},\"inLanguage\":\"de\",\"potentialAction\":[{\"@type\":\"ReadAction\",\"target\":[\"https:\/\/adottawalls.com\/de\/ny-market-2026\/\"]}]},{\"@type\":\"BreadcrumbList\",\"@id\":\"https:\/\/adottawalls.com\/de\/ny-market-2026\/#breadcrumb\",\"itemListElement\":[{\"@type\":\"ListItem\",\"position\":1,\"name\":\"Home\",\"item\":\"https:\/\/adottawalls.com\/de\/\"},{\"@type\":\"ListItem\",\"position\":2,\"name\":\"Ny Market 2026\"}]},{\"@type\":\"WebSite\",\"@id\":\"https:\/\/adottawalls.com\/de\/#website\",\"url\":\"https:\/\/adottawalls.com\/de\/\",\"name\":\"Adotta Walls\",\"description\":\"WE ENHANCE ARCHITECTURE\",\"publisher\":{\"@id\":\"https:\/\/adottawalls.com\/de\/#organization\"},\"potentialAction\":[{\"@type\":\"SearchAction\",\"target\":{\"@type\":\"EntryPoint\",\"urlTemplate\":\"https:\/\/adottawalls.com\/de\/?s={search_term_string}\"},\"query-input\":{\"@type\":\"PropertyValueSpecification\",\"valueRequired\":true,\"valueName\":\"search_term_string\"}}],\"inLanguage\":\"de\"},{\"@type\":\"Organization\",\"@id\":\"https:\/\/adottawalls.com\/de\/#organization\",\"name\":\"Adotta Walls\",\"url\":\"https:\/\/adottawalls.com\/de\/\",\"logo\":{\"@type\":\"ImageObject\",\"inLanguage\":\"de\",\"@id\":\"https:\/\/adottawalls.com\/de\/#\/schema\/logo\/image\/\",\"url\":\"https:\/\/adottawalls.com\/wp-content\/uploads\/2023\/08\/Adotta-Italia-Logo.png\",\"contentUrl\":\"https:\/\/adottawalls.com\/wp-content\/uploads\/2023\/08\/Adotta-Italia-Logo.png\",\"width\":241,\"height\":53,\"caption\":\"Adotta Walls\"},\"image\":{\"@id\":\"https:\/\/adottawalls.com\/de\/#\/schema\/logo\/image\/\"},\"sameAs\":[\"https:\/\/www.linkedin.com\/company\/adotta-walls\",\"https:\/\/www.instagram.com\/adottawalls\/\"]}]}<\/script>\n<!-- \/ Yoast SEO Premium plugin. -->","yoast_head_json":{"title":"Ny Market 2026 - Adotta Walls","robots":{"index":"index","follow":"follow","max-snippet":"max-snippet:-1","max-image-preview":"max-image-preview:large","max-video-preview":"max-video-preview:-1"},"canonical":"https:\/\/adottawalls.com\/de\/ny-market-2026\/","og_locale":"de_DE","og_type":"article","og_title":"Ny Market 2026","og_description":"Nach f\u00fcnfzehn Jahren erfolgreicher Zusammenarbeit haben Adotta und Wing Partners einvernehmlich beschlossen, ihre Partnerschaft mit Wirkung zum 31. Dezember 2025 zu beenden. Im Laufe der Jahre haben beide Unternehmen zahlreiche herausragende Projekte realisiert und wesentlich zum Wachstum und zur Entwicklung des Marktes in New York beigetragen. \u00a0 Da sich unsere jeweiligen Priorit\u00e4ten und Strategien weiterentwickelt [&hellip;]","og_url":"https:\/\/adottawalls.com\/de\/ny-market-2026\/","og_site_name":"Adotta Walls","article_modified_time":"2026-01-14T09:00:30+00:00","twitter_card":"summary_large_image","twitter_misc":{"Gesch\u00e4tzte Lesezeit":"1\u00a0Minute"},"schema":{"@context":"https:\/\/schema.org","@graph":[{"@type":"WebPage","@id":"https:\/\/adottawalls.com\/de\/ny-market-2026\/","url":"https:\/\/adottawalls.com\/de\/ny-market-2026\/","name":"Ny Market 2026 - Adotta Walls","isPartOf":{"@id":"https:\/\/adottawalls.com\/de\/#website"},"datePublished":"2024-05-22T16:02:38+00:00","dateModified":"2026-01-14T09:00:30+00:00","breadcrumb":{"@id":"https:\/\/adottawalls.com\/de\/ny-market-2026\/#breadcrumb"},"inLanguage":"de","potentialAction":[{"@type":"ReadAction","target":["https:\/\/adottawalls.com\/de\/ny-market-2026\/"]}]},{"@type":"BreadcrumbList","@id":"https:\/\/adottawalls.com\/de\/ny-market-2026\/#breadcrumb","itemListElement":[{"@type":"ListItem","position":1,"name":"Home","item":"https:\/\/adottawalls.com\/de\/"},{"@type":"ListItem","position":2,"name":"Ny Market 2026"}]},{"@type":"WebSite","@id":"https:\/\/adottawalls.com\/de\/#website","url":"https:\/\/adottawalls.com\/de\/","name":"Adotta Walls","description":"WE ENHANCE ARCHITECTURE","publisher":{"@id":"https:\/\/adottawalls.com\/de\/#organization"},"potentialAction":[{"@type":"SearchAction","target":{"@type":"EntryPoint","urlTemplate":"https:\/\/adottawalls.com\/de\/?s={search_term_string}"},"query-input":{"@type":"PropertyValueSpecification","valueRequired":true,"valueName":"search_term_string"}}],"inLanguage":"de"},{"@type":"Organization","@id":"https:\/\/adottawalls.com\/de\/#organization","name":"Adotta Walls","url":"https:\/\/adottawalls.com\/de\/","logo":{"@type":"ImageObject","inLanguage":"de","@id":"https:\/\/adottawalls.com\/de\/#\/schema\/logo\/image\/","url":"https:\/\/adottawalls.com\/wp-content\/uploads\/2023\/08\/Adotta-Italia-Logo.png","contentUrl":"https:\/\/adottawalls.com\/wp-content\/uploads\/2023\/08\/Adotta-Italia-Logo.png","width":241,"height":53,"caption":"Adotta Walls"},"image":{"@id":"https:\/\/adottawalls.com\/de\/#\/schema\/logo\/image\/"},"sameAs":["https:\/\/www.linkedin.com\/company\/adotta-walls","https:\/\/www.instagram.com\/adottawalls\/"]}]}},"_links":{"self":[{"href":"https:\/\/adottawalls.com\/de\/wp-json\/wp\/v2\/pages\/10396","targetHints":{"allow":["GET"]}}],"collection":[{"href":"https:\/\/adottawalls.com\/de\/wp-json\/wp\/v2\/pages"}],"about":[{"href":"https:\/\/adottawalls.com\/de\/wp-json\/wp\/v2\/types\/page"}],"author":[{"embeddable":true,"href":"https:\/\/adottawalls.com\/de\/wp-json\/wp\/v2\/users\/1"}],"replies":[{"embeddable":true,"href":"https:\/\/adottawalls.com\/de\/wp-json\/wp\/v2\/comments?post=10396"}],"version-history":[{"count":7,"href":"https:\/\/adottawalls.com\/de\/wp-json\/wp\/v2\/pages\/10396\/revisions"}],"predecessor-version":[{"id":13317,"href":"https:\/\/adottawalls.com\/de\/wp-json\/wp\/v2\/pages\/10396\/revisions\/13317"}],"wp:attachment":[{"href":"https:\/\/adottawalls.com\/de\/wp-json\/wp\/v2\/media?parent=10396"}],"curies":[{"name":"wp","href":"https:\/\/api.w.org\/{rel}","templated":true}]}}