{"id":10940,"date":"2024-05-22T18:02:38","date_gmt":"2024-05-22T16:02:38","guid":{"rendered":"https:\/\/adottawalls.com\/new-york-showroom-virtual-tour\/"},"modified":"2026-01-14T10:05:53","modified_gmt":"2026-01-14T09:05:53","slug":"ny-market-2026","status":"publish","type":"page","link":"https:\/\/adottawalls.com\/es\/ny-market-2026\/","title":{"rendered":"Ny Market 2026"},"content":{"rendered":"\t\t<div data-elementor-type=\"wp-page\" data-elementor-id=\"10940\" class=\"elementor elementor-10940 elementor-8884\" data-elementor-post-type=\"page\">\n\t\t\t\t\t\t<section class=\"elementor-section elementor-top-section elementor-element elementor-element-338d71f elementor-section-boxed elementor-section-height-default elementor-section-height-default\" data-id=\"338d71f\" data-element_type=\"section\">\n\t\t\t\t\t\t<div class=\"elementor-container elementor-column-gap-default\">\n\t\t\t\t\t<div class=\"elementor-column elementor-col-100 elementor-top-column elementor-element elementor-element-26d930e\" data-id=\"26d930e\" data-element_type=\"column\">\n\t\t\t<div class=\"elementor-widget-wrap elementor-element-populated\">\n\t\t\t\t\t\t<div class=\"elementor-element elementor-element-505ecf5 elementor-widget elementor-widget-text-editor\" data-id=\"505ecf5\" data-element_type=\"widget\" data-widget_type=\"text-editor.default\">\n\t\t\t\t<div class=\"elementor-widget-container\">\n\t\t\t\t\t\t\t\t\t<p>Tras quince a\u00f1os de colaboraci\u00f3n exitosa, Adotta y Wing Partners han acordado mutuamente concluir su alianza con efecto a partir del 31 de diciembre de 2025.<\/p><p><br \/>A lo largo de nuestra colaboraci\u00f3n, hemos completado numerosos proyectos exitosos y contribuido significativamente al crecimiento del mercado de Nueva York. A medida que nuestras respectivas prioridades y estrategias han evolucionado, hemos decidido seguir caminos independientes en el futuro.<\/p><p><br \/>A partir del 1 de enero de 2026, Adotta establecer\u00e1 una presencia directa en la ciudad de Nueva York para brindar servicio y apoyo dedicado a arquitectos, contratistas y clientes.<\/p><p><br \/>Ambas compa\u00f1\u00edas expresan su m\u00e1s sincero agradecimiento por los logros alcanzados y contin\u00faan comprometidas con la construcci\u00f3n del futuro del dise\u00f1o y la construcci\u00f3n innovadores en la ciudad de Nueva York.<\/p><p>\u00a0<\/p><p><em>Adotta<\/em><\/p>\t\t\t\t\t\t\t\t<\/div>\n\t\t\t\t<\/div>\n\t\t\t\t\t<\/div>\n\t\t<\/div>\n\t\t\t\t\t<\/div>\n\t\t<\/section>\n\t\t\t\t<section class=\"elementor-section elementor-top-section elementor-element elementor-element-5aff3b9 elementor-hidden-desktop elementor-hidden-tablet elementor-hidden-mobile elementor-section-boxed elementor-section-height-default elementor-section-height-default\" data-id=\"5aff3b9\" data-element_type=\"section\">\n\t\t\t\t\t\t<div class=\"elementor-container elementor-column-gap-default\">\n\t\t\t\t\t<div class=\"elementor-column elementor-col-100 elementor-top-column elementor-element elementor-element-2619da8\" data-id=\"2619da8\" data-element_type=\"column\">\n\t\t\t<div class=\"elementor-widget-wrap elementor-element-populated\">\n\t\t\t\t\t\t<div class=\"elementor-element elementor-element-30d3a99 elementor-widget elementor-widget-html\" data-id=\"30d3a99\" data-element_type=\"widget\" data-widget_type=\"html.default\">\n\t\t\t\t<div class=\"elementor-widget-container\">\n\t\t\t\t\t<iframe src=\"https:\/\/my.matterport.com\/show\/?m=xMkGTZp4Yf3&lang=eN\" frameborder=\"0\" width=\"1440\" height=\"800\"><\/iframe>\t\t\t\t<\/div>\n\t\t\t\t<\/div>\n\t\t\t\t\t<\/div>\n\t\t<\/div>\n\t\t\t\t\t<\/div>\n\t\t<\/section>\n\t\t\t\t<section class=\"elementor-section elementor-top-section elementor-element elementor-element-ef81dea elementor-hidden-desktop elementor-hidden-tablet elementor-hidden-mobile elementor-section-boxed elementor-section-height-default elementor-section-height-default\" data-id=\"ef81dea\" data-element_type=\"section\">\n\t\t\t\t\t\t<div class=\"elementor-container elementor-column-gap-default\">\n\t\t\t\t\t<div class=\"elementor-column elementor-col-50 elementor-top-column elementor-element elementor-element-f77c818\" data-id=\"f77c818\" data-element_type=\"column\">\n\t\t\t<div class=\"elementor-widget-wrap elementor-element-populated\">\n\t\t\t\t\t\t<div class=\"elementor-element elementor-element-6af1034 elementor-icon-list--layout-traditional elementor-list-item-link-full_width elementor-widget elementor-widget-icon-list\" data-id=\"6af1034\" data-element_type=\"widget\" data-widget_type=\"icon-list.default\">\n\t\t\t\t<div class=\"elementor-widget-container\">\n\t\t\t\t\t\t\t<ul class=\"elementor-icon-list-items\">\n\t\t\t\t\t\t\t<li class=\"elementor-icon-list-item\">\n\t\t\t\t\t\t\t\t\t\t\t<a href=\"https:\/\/adottawalls.com\/projects\/adotta-showroom-new-york\/\">\n\n\t\t\t\t\t\t\t\t\t\t\t<span class=\"elementor-icon-list-text\">IR A LA P\u00c1GINA DEL PROYECTO ><\/span>\n\t\t\t\t\t\t\t\t\t\t\t<\/a>\n\t\t\t\t\t\t\t\t\t<\/li>\n\t\t\t\t\t\t<\/ul>\n\t\t\t\t\t\t<\/div>\n\t\t\t\t<\/div>\n\t\t\t\t\t<\/div>\n\t\t<\/div>\n\t\t\t\t<div class=\"elementor-column elementor-col-50 elementor-top-column elementor-element elementor-element-b88518d\" data-id=\"b88518d\" data-element_type=\"column\">\n\t\t\t<div class=\"elementor-widget-wrap elementor-element-populated\">\n\t\t\t\t\t\t<div class=\"elementor-element elementor-element-3e331c6 elementor-icon-list--layout-traditional elementor-list-item-link-full_width elementor-widget elementor-widget-icon-list\" data-id=\"3e331c6\" data-element_type=\"widget\" data-widget_type=\"icon-list.default\">\n\t\t\t\t<div class=\"elementor-widget-container\">\n\t\t\t\t\t\t\t<ul class=\"elementor-icon-list-items\">\n\t\t\t\t\t\t\t<li class=\"elementor-icon-list-item\">\n\t\t\t\t\t\t\t\t\t\t\t<a href=\"https:\/\/my.matterport.com\/show\/?m=xMkGTZp4Yf3\" target=\"_blank\" rel=\"nofollow\">\n\n\t\t\t\t\t\t\t\t\t\t\t<span class=\"elementor-icon-list-text\">ABRIR LA VISITA A P\u00c1GINA COMPLETA ><\/span>\n\t\t\t\t\t\t\t\t\t\t\t<\/a>\n\t\t\t\t\t\t\t\t\t<\/li>\n\t\t\t\t\t\t<\/ul>\n\t\t\t\t\t\t<\/div>\n\t\t\t\t<\/div>\n\t\t\t\t\t<\/div>\n\t\t<\/div>\n\t\t\t\t\t<\/div>\n\t\t<\/section>\n\t\t\t\t<section class=\"elementor-section elementor-top-section elementor-element elementor-element-0740853 elementor-section-boxed elementor-section-height-default elementor-section-height-default\" data-id=\"0740853\" data-element_type=\"section\">\n\t\t\t\t\t\t<div class=\"elementor-container elementor-column-gap-default\">\n\t\t\t\t\t<div class=\"elementor-column elementor-col-100 elementor-top-column elementor-element elementor-element-73bb725\" data-id=\"73bb725\" data-element_type=\"column\">\n\t\t\t<div class=\"elementor-widget-wrap elementor-element-populated\">\n\t\t\t\t\t\t<div class=\"elementor-element elementor-element-1b8f1f0 elementor-widget elementor-widget-spacer\" data-id=\"1b8f1f0\" data-element_type=\"widget\" data-widget_type=\"spacer.default\">\n\t\t\t\t<div class=\"elementor-widget-container\">\n\t\t\t\t\t\t\t<div class=\"elementor-spacer\">\n\t\t\t<div class=\"elementor-spacer-inner\"><\/div>\n\t\t<\/div>\n\t\t\t\t\t\t<\/div>\n\t\t\t\t<\/div>\n\t\t\t\t\t<\/div>\n\t\t<\/div>\n\t\t\t\t\t<\/div>\n\t\t<\/section>\n\t\t\t\t<\/div>\n\t\t","protected":false},"excerpt":{"rendered":"<p>Tras quince a\u00f1os de colaboraci\u00f3n exitosa, Adotta y Wing Partners han acordado mutuamente concluir su alianza con efecto a partir del 31 de diciembre de 2025. A lo largo de nuestra colaboraci\u00f3n, hemos completado numerosos proyectos exitosos y contribuido significativamente al crecimiento del mercado de Nueva York. A medida que nuestras respectivas prioridades y estrategias [&hellip;]<\/p>\n","protected":false},"author":1,"featured_media":0,"parent":0,"menu_order":0,"comment_status":"closed","ping_status":"closed","template":"","meta":{"_acf_changed":false,"footnotes":""},"class_list":["post-10940","page","type-page","status-publish","hentry"],"acf":[],"yoast_head":"<!-- This site is optimized with the Yoast SEO Premium plugin v25.9 (Yoast SEO v27.0) - https:\/\/yoast.com\/product\/yoast-seo-premium-wordpress\/ -->\n<title>Ny Market 2026 - Adotta Walls<\/title>\n<meta name=\"robots\" content=\"index, follow, max-snippet:-1, max-image-preview:large, max-video-preview:-1\" \/>\n<link rel=\"canonical\" href=\"https:\/\/adottawalls.com\/es\/ny-market-2026\/\" \/>\n<meta property=\"og:locale\" content=\"es_ES\" \/>\n<meta property=\"og:type\" content=\"article\" \/>\n<meta property=\"og:title\" content=\"Ny Market 2026\" \/>\n<meta property=\"og:description\" content=\"Tras quince a\u00f1os de colaboraci\u00f3n exitosa, Adotta y Wing Partners han acordado mutuamente concluir su alianza con efecto a partir del 31 de diciembre de 2025. A lo largo de nuestra colaboraci\u00f3n, hemos completado numerosos proyectos exitosos y contribuido significativamente al crecimiento del mercado de Nueva York. A medida que nuestras respectivas prioridades y estrategias [&hellip;]\" \/>\n<meta property=\"og:url\" content=\"https:\/\/adottawalls.com\/es\/ny-market-2026\/\" \/>\n<meta property=\"og:site_name\" content=\"Adotta Walls\" \/>\n<meta property=\"article:modified_time\" content=\"2026-01-14T09:05:53+00:00\" \/>\n<meta name=\"twitter:card\" content=\"summary_large_image\" \/>\n<meta name=\"twitter:label1\" content=\"Tiempo de lectura\" \/>\n\t<meta name=\"twitter:data1\" content=\"1 minuto\" \/>\n<script type=\"application\/ld+json\" class=\"yoast-schema-graph\">{\"@context\":\"https:\/\/schema.org\",\"@graph\":[{\"@type\":\"WebPage\",\"@id\":\"https:\/\/adottawalls.com\/es\/ny-market-2026\/\",\"url\":\"https:\/\/adottawalls.com\/es\/ny-market-2026\/\",\"name\":\"Ny Market 2026 - Adotta Walls\",\"isPartOf\":{\"@id\":\"https:\/\/adottawalls.com\/es\/#website\"},\"datePublished\":\"2024-05-22T16:02:38+00:00\",\"dateModified\":\"2026-01-14T09:05:53+00:00\",\"breadcrumb\":{\"@id\":\"https:\/\/adottawalls.com\/es\/ny-market-2026\/#breadcrumb\"},\"inLanguage\":\"es\",\"potentialAction\":[{\"@type\":\"ReadAction\",\"target\":[\"https:\/\/adottawalls.com\/es\/ny-market-2026\/\"]}]},{\"@type\":\"BreadcrumbList\",\"@id\":\"https:\/\/adottawalls.com\/es\/ny-market-2026\/#breadcrumb\",\"itemListElement\":[{\"@type\":\"ListItem\",\"position\":1,\"name\":\"Home\",\"item\":\"https:\/\/adottawalls.com\/es\/\"},{\"@type\":\"ListItem\",\"position\":2,\"name\":\"Ny Market 2026\"}]},{\"@type\":\"WebSite\",\"@id\":\"https:\/\/adottawalls.com\/es\/#website\",\"url\":\"https:\/\/adottawalls.com\/es\/\",\"name\":\"Adotta Walls\",\"description\":\"WE ENHANCE ARCHITECTURE\",\"publisher\":{\"@id\":\"https:\/\/adottawalls.com\/es\/#organization\"},\"potentialAction\":[{\"@type\":\"SearchAction\",\"target\":{\"@type\":\"EntryPoint\",\"urlTemplate\":\"https:\/\/adottawalls.com\/es\/?s={search_term_string}\"},\"query-input\":{\"@type\":\"PropertyValueSpecification\",\"valueRequired\":true,\"valueName\":\"search_term_string\"}}],\"inLanguage\":\"es\"},{\"@type\":\"Organization\",\"@id\":\"https:\/\/adottawalls.com\/es\/#organization\",\"name\":\"Adotta Walls\",\"url\":\"https:\/\/adottawalls.com\/es\/\",\"logo\":{\"@type\":\"ImageObject\",\"inLanguage\":\"es\",\"@id\":\"https:\/\/adottawalls.com\/es\/#\/schema\/logo\/image\/\",\"url\":\"https:\/\/adottawalls.com\/wp-content\/uploads\/2023\/08\/Adotta-Italia-Logo.png\",\"contentUrl\":\"https:\/\/adottawalls.com\/wp-content\/uploads\/2023\/08\/Adotta-Italia-Logo.png\",\"width\":241,\"height\":53,\"caption\":\"Adotta Walls\"},\"image\":{\"@id\":\"https:\/\/adottawalls.com\/es\/#\/schema\/logo\/image\/\"},\"sameAs\":[\"https:\/\/www.linkedin.com\/company\/adotta-walls\",\"https:\/\/www.instagram.com\/adottawalls\/\"]}]}<\/script>\n<!-- \/ Yoast SEO Premium plugin. -->","yoast_head_json":{"title":"Ny Market 2026 - Adotta Walls","robots":{"index":"index","follow":"follow","max-snippet":"max-snippet:-1","max-image-preview":"max-image-preview:large","max-video-preview":"max-video-preview:-1"},"canonical":"https:\/\/adottawalls.com\/es\/ny-market-2026\/","og_locale":"es_ES","og_type":"article","og_title":"Ny Market 2026","og_description":"Tras quince a\u00f1os de colaboraci\u00f3n exitosa, Adotta y Wing Partners han acordado mutuamente concluir su alianza con efecto a partir del 31 de diciembre de 2025. A lo largo de nuestra colaboraci\u00f3n, hemos completado numerosos proyectos exitosos y contribuido significativamente al crecimiento del mercado de Nueva York. A medida que nuestras respectivas prioridades y estrategias [&hellip;]","og_url":"https:\/\/adottawalls.com\/es\/ny-market-2026\/","og_site_name":"Adotta Walls","article_modified_time":"2026-01-14T09:05:53+00:00","twitter_card":"summary_large_image","twitter_misc":{"Tiempo de lectura":"1 minuto"},"schema":{"@context":"https:\/\/schema.org","@graph":[{"@type":"WebPage","@id":"https:\/\/adottawalls.com\/es\/ny-market-2026\/","url":"https:\/\/adottawalls.com\/es\/ny-market-2026\/","name":"Ny Market 2026 - Adotta Walls","isPartOf":{"@id":"https:\/\/adottawalls.com\/es\/#website"},"datePublished":"2024-05-22T16:02:38+00:00","dateModified":"2026-01-14T09:05:53+00:00","breadcrumb":{"@id":"https:\/\/adottawalls.com\/es\/ny-market-2026\/#breadcrumb"},"inLanguage":"es","potentialAction":[{"@type":"ReadAction","target":["https:\/\/adottawalls.com\/es\/ny-market-2026\/"]}]},{"@type":"BreadcrumbList","@id":"https:\/\/adottawalls.com\/es\/ny-market-2026\/#breadcrumb","itemListElement":[{"@type":"ListItem","position":1,"name":"Home","item":"https:\/\/adottawalls.com\/es\/"},{"@type":"ListItem","position":2,"name":"Ny Market 2026"}]},{"@type":"WebSite","@id":"https:\/\/adottawalls.com\/es\/#website","url":"https:\/\/adottawalls.com\/es\/","name":"Adotta Walls","description":"WE ENHANCE ARCHITECTURE","publisher":{"@id":"https:\/\/adottawalls.com\/es\/#organization"},"potentialAction":[{"@type":"SearchAction","target":{"@type":"EntryPoint","urlTemplate":"https:\/\/adottawalls.com\/es\/?s={search_term_string}"},"query-input":{"@type":"PropertyValueSpecification","valueRequired":true,"valueName":"search_term_string"}}],"inLanguage":"es"},{"@type":"Organization","@id":"https:\/\/adottawalls.com\/es\/#organization","name":"Adotta Walls","url":"https:\/\/adottawalls.com\/es\/","logo":{"@type":"ImageObject","inLanguage":"es","@id":"https:\/\/adottawalls.com\/es\/#\/schema\/logo\/image\/","url":"https:\/\/adottawalls.com\/wp-content\/uploads\/2023\/08\/Adotta-Italia-Logo.png","contentUrl":"https:\/\/adottawalls.com\/wp-content\/uploads\/2023\/08\/Adotta-Italia-Logo.png","width":241,"height":53,"caption":"Adotta Walls"},"image":{"@id":"https:\/\/adottawalls.com\/es\/#\/schema\/logo\/image\/"},"sameAs":["https:\/\/www.linkedin.com\/company\/adotta-walls","https:\/\/www.instagram.com\/adottawalls\/"]}]}},"_links":{"self":[{"href":"https:\/\/adottawalls.com\/es\/wp-json\/wp\/v2\/pages\/10940","targetHints":{"allow":["GET"]}}],"collection":[{"href":"https:\/\/adottawalls.com\/es\/wp-json\/wp\/v2\/pages"}],"about":[{"href":"https:\/\/adottawalls.com\/es\/wp-json\/wp\/v2\/types\/page"}],"author":[{"embeddable":true,"href":"https:\/\/adottawalls.com\/es\/wp-json\/wp\/v2\/users\/1"}],"replies":[{"embeddable":true,"href":"https:\/\/adottawalls.com\/es\/wp-json\/wp\/v2\/comments?post=10940"}],"version-history":[{"count":6,"href":"https:\/\/adottawalls.com\/es\/wp-json\/wp\/v2\/pages\/10940\/revisions"}],"predecessor-version":[{"id":13324,"href":"https:\/\/adottawalls.com\/es\/wp-json\/wp\/v2\/pages\/10940\/revisions\/13324"}],"wp:attachment":[{"href":"https:\/\/adottawalls.com\/es\/wp-json\/wp\/v2\/media?parent=10940"}],"curies":[{"name":"wp","href":"https:\/\/api.w.org\/{rel}","templated":true}]}}