{"id":10164,"date":"2023-08-21T09:43:55","date_gmt":"2023-08-21T07:43:55","guid":{"rendered":"https:\/\/adottawalls.com\/systems\/"},"modified":"2024-11-26T08:51:55","modified_gmt":"2024-11-26T07:51:55","slug":"systemes","status":"publish","type":"page","link":"https:\/\/adottawalls.com\/fr\/systemes\/","title":{"rendered":"Syst\u00e8mes"},"content":{"rendered":"\t\t<div data-elementor-type=\"wp-page\" data-elementor-id=\"10164\" class=\"elementor elementor-10164 elementor-94\" data-elementor-post-type=\"page\">\n\t\t\t\t\t\t<section class=\"elementor-section elementor-top-section elementor-element elementor-element-f930500 elementor-section-boxed elementor-section-height-default elementor-section-height-default\" data-id=\"f930500\" data-element_type=\"section\">\n\t\t\t\t\t\t<div class=\"elementor-container elementor-column-gap-default\">\n\t\t\t\t\t<div class=\"elementor-column elementor-col-100 elementor-top-column elementor-element elementor-element-37278df\" data-id=\"37278df\" data-element_type=\"column\">\n\t\t\t<div class=\"elementor-widget-wrap elementor-element-populated\">\n\t\t\t\t\t\t<div class=\"elementor-element elementor-element-78a8896 elementor-widget elementor-widget-spacer\" data-id=\"78a8896\" data-element_type=\"widget\" data-widget_type=\"spacer.default\">\n\t\t\t\t<div class=\"elementor-widget-container\">\n\t\t\t\t\t\t\t<div class=\"elementor-spacer\">\n\t\t\t<div class=\"elementor-spacer-inner\"><\/div>\n\t\t<\/div>\n\t\t\t\t\t\t<\/div>\n\t\t\t\t<\/div>\n\t\t\t\t<div class=\"elementor-element elementor-element-bd0505e elementor-widget elementor-widget-heading\" data-id=\"bd0505e\" data-element_type=\"widget\" data-widget_type=\"heading.default\">\n\t\t\t\t<div class=\"elementor-widget-container\">\n\t\t\t\t\t<h1 class=\"elementor-heading-title elementor-size-default\">SYST\u00c8MES<\/h1>\t\t\t\t<\/div>\n\t\t\t\t<\/div>\n\t\t\t\t<div class=\"elementor-element elementor-element-0388878 elementor-widget-divider--view-line elementor-widget elementor-widget-divider\" data-id=\"0388878\" data-element_type=\"widget\" data-widget_type=\"divider.default\">\n\t\t\t\t<div class=\"elementor-widget-container\">\n\t\t\t\t\t\t\t<div class=\"elementor-divider\">\n\t\t\t<span class=\"elementor-divider-separator\">\n\t\t\t\t\t\t<\/span>\n\t\t<\/div>\n\t\t\t\t\t\t<\/div>\n\t\t\t\t<\/div>\n\t\t\t\t\t<\/div>\n\t\t<\/div>\n\t\t\t\t\t<\/div>\n\t\t<\/section>\n\t\t\t\t<section class=\"elementor-section elementor-top-section elementor-element elementor-element-61e8925 elementor-section-boxed elementor-section-height-default elementor-section-height-default\" data-id=\"61e8925\" data-element_type=\"section\">\n\t\t\t\t\t\t<div class=\"elementor-container elementor-column-gap-default\">\n\t\t\t\t\t<div class=\"elementor-column elementor-col-25 elementor-top-column elementor-element elementor-element-997239c\" data-id=\"997239c\" data-element_type=\"column\">\n\t\t\t<div class=\"elementor-widget-wrap elementor-element-populated\">\n\t\t\t\t\t\t<div class=\"elementor-element elementor-element-b7f0349 elementor-widget elementor-widget-image\" data-id=\"b7f0349\" data-element_type=\"widget\" data-widget_type=\"image.default\">\n\t\t\t\t<div class=\"elementor-widget-container\">\n\t\t\t\t\t\t\t\t\t\t\t\t\t\t\t\t<a href=\"https:\/\/adottawalls.com\/systems\/metafora\/\">\n\t\t\t\t\t\t\t<img fetchpriority=\"high\" decoding=\"async\" width=\"508\" height=\"508\" src=\"https:\/\/adottawalls.com\/wp-content\/uploads\/2024\/02\/metafora-profile-system.jpg\" class=\"attachment-large size-large wp-image-6601\" alt=\"\" srcset=\"https:\/\/adottawalls.com\/wp-content\/uploads\/2024\/02\/metafora-profile-system.jpg 508w, https:\/\/adottawalls.com\/wp-content\/uploads\/2024\/02\/metafora-profile-system-300x300.jpg 300w, https:\/\/adottawalls.com\/wp-content\/uploads\/2024\/02\/metafora-profile-system-150x150.jpg 150w\" sizes=\"(max-width: 508px) 100vw, 508px\" \/>\t\t\t\t\t\t\t\t<\/a>\n\t\t\t\t\t\t\t\t\t\t\t\t\t\t\t<\/div>\n\t\t\t\t<\/div>\n\t\t\t\t<div class=\"elementor-element elementor-element-b7040b3 elementor-widget elementor-widget-text-editor\" data-id=\"b7040b3\" data-element_type=\"widget\" data-widget_type=\"text-editor.default\">\n\t\t\t\t<div class=\"elementor-widget-container\">\n\t\t\t\t\t\t\t\t\t<p>METAFORA<br \/>\nCLOISON ORIGINALE<\/p>\n\t\t\t\t\t\t\t\t<\/div>\n\t\t\t\t<\/div>\n\t\t\t\t\t<\/div>\n\t\t<\/div>\n\t\t\t\t<div class=\"elementor-column elementor-col-25 elementor-top-column elementor-element elementor-element-3648e5f\" data-id=\"3648e5f\" data-element_type=\"column\">\n\t\t\t<div class=\"elementor-widget-wrap elementor-element-populated\">\n\t\t\t\t\t\t<div class=\"elementor-element elementor-element-c968313 elementor-widget elementor-widget-image\" data-id=\"c968313\" data-element_type=\"widget\" data-widget_type=\"image.default\">\n\t\t\t\t<div class=\"elementor-widget-container\">\n\t\t\t\t\t\t\t\t\t\t\t\t\t\t\t\t<a href=\"https:\/\/adottawalls.com\/fr\/systemes\/metafora-duo\/\">\n\t\t\t\t\t\t\t<img decoding=\"async\" width=\"508\" height=\"508\" src=\"https:\/\/adottawalls.com\/wp-content\/uploads\/2024\/02\/metafora-duo-profile-system.jpg\" class=\"attachment-large size-large wp-image-6599\" alt=\"\" srcset=\"https:\/\/adottawalls.com\/wp-content\/uploads\/2024\/02\/metafora-duo-profile-system.jpg 508w, https:\/\/adottawalls.com\/wp-content\/uploads\/2024\/02\/metafora-duo-profile-system-300x300.jpg 300w, https:\/\/adottawalls.com\/wp-content\/uploads\/2024\/02\/metafora-duo-profile-system-150x150.jpg 150w\" sizes=\"(max-width: 508px) 100vw, 508px\" \/>\t\t\t\t\t\t\t\t<\/a>\n\t\t\t\t\t\t\t\t\t\t\t\t\t\t\t<\/div>\n\t\t\t\t<\/div>\n\t\t\t\t<div class=\"elementor-element elementor-element-936374d elementor-widget elementor-widget-text-editor\" data-id=\"936374d\" data-element_type=\"widget\" data-widget_type=\"text-editor.default\">\n\t\t\t\t<div class=\"elementor-widget-container\">\n\t\t\t\t\t\t\t\t\t<p><span style=\"font-weight: 400;\">M\u00c9TAFORA DUO<br \/>\n<\/span><span style=\"font-weight: 400;\">CLOISON DOUBLE VITRAGE<\/span><\/p>\n\t\t\t\t\t\t\t\t<\/div>\n\t\t\t\t<\/div>\n\t\t\t\t\t<\/div>\n\t\t<\/div>\n\t\t\t\t<div class=\"elementor-column elementor-col-25 elementor-top-column elementor-element elementor-element-3b952d6\" data-id=\"3b952d6\" data-element_type=\"column\">\n\t\t\t<div class=\"elementor-widget-wrap elementor-element-populated\">\n\t\t\t\t\t\t<div class=\"elementor-element elementor-element-81327fc elementor-widget elementor-widget-image\" data-id=\"81327fc\" data-element_type=\"widget\" data-widget_type=\"image.default\">\n\t\t\t\t<div class=\"elementor-widget-container\">\n\t\t\t\t\t\t\t\t\t\t\t\t\t\t\t\t<a href=\"https:\/\/adottawalls.com\/fr\/systemes\/thesis\/\">\n\t\t\t\t\t\t\t<img decoding=\"async\" width=\"508\" height=\"508\" src=\"https:\/\/adottawalls.com\/wp-content\/uploads\/2024\/02\/thesis-profile-system.jpg\" class=\"attachment-large size-large wp-image-6605\" alt=\"\" srcset=\"https:\/\/adottawalls.com\/wp-content\/uploads\/2024\/02\/thesis-profile-system.jpg 508w, https:\/\/adottawalls.com\/wp-content\/uploads\/2024\/02\/thesis-profile-system-300x300.jpg 300w, https:\/\/adottawalls.com\/wp-content\/uploads\/2024\/02\/thesis-profile-system-150x150.jpg 150w\" sizes=\"(max-width: 508px) 100vw, 508px\" \/>\t\t\t\t\t\t\t\t<\/a>\n\t\t\t\t\t\t\t\t\t\t\t\t\t\t\t<\/div>\n\t\t\t\t<\/div>\n\t\t\t\t<div class=\"elementor-element elementor-element-cbc4dae elementor-widget elementor-widget-text-editor\" data-id=\"cbc4dae\" data-element_type=\"widget\" data-widget_type=\"text-editor.default\">\n\t\t\t\t<div class=\"elementor-widget-container\">\n\t\t\t\t\t\t\t\t\t<p>THESIS<br \/>\nESSENTIAL CLOISON<\/p>\n\t\t\t\t\t\t\t\t<\/div>\n\t\t\t\t<\/div>\n\t\t\t\t\t<\/div>\n\t\t<\/div>\n\t\t\t\t<div class=\"elementor-column elementor-col-25 elementor-top-column elementor-element elementor-element-3ad9727\" data-id=\"3ad9727\" data-element_type=\"column\">\n\t\t\t<div class=\"elementor-widget-wrap elementor-element-populated\">\n\t\t\t\t\t\t<div class=\"elementor-element elementor-element-8a681da elementor-widget elementor-widget-image\" data-id=\"8a681da\" data-element_type=\"widget\" data-widget_type=\"image.default\">\n\t\t\t\t<div class=\"elementor-widget-container\">\n\t\t\t\t\t\t\t\t\t\t\t\t\t\t\t\t<a href=\"https:\/\/adottawalls.com\/fr\/systemes\/thesis-duo\/\">\n\t\t\t\t\t\t\t<img loading=\"lazy\" decoding=\"async\" width=\"508\" height=\"508\" src=\"https:\/\/adottawalls.com\/wp-content\/uploads\/2024\/02\/thesis-duo-profile-system.jpg\" class=\"attachment-large size-large wp-image-6603\" alt=\"\" srcset=\"https:\/\/adottawalls.com\/wp-content\/uploads\/2024\/02\/thesis-duo-profile-system.jpg 508w, https:\/\/adottawalls.com\/wp-content\/uploads\/2024\/02\/thesis-duo-profile-system-300x300.jpg 300w, https:\/\/adottawalls.com\/wp-content\/uploads\/2024\/02\/thesis-duo-profile-system-150x150.jpg 150w\" sizes=\"(max-width: 508px) 100vw, 508px\" \/>\t\t\t\t\t\t\t\t<\/a>\n\t\t\t\t\t\t\t\t\t\t\t\t\t\t\t<\/div>\n\t\t\t\t<\/div>\n\t\t\t\t<div class=\"elementor-element elementor-element-5d55f49 elementor-widget elementor-widget-text-editor\" data-id=\"5d55f49\" data-element_type=\"widget\" data-widget_type=\"text-editor.default\">\n\t\t\t\t<div class=\"elementor-widget-container\">\n\t\t\t\t\t\t\t\t\t<p>THESIS DUO<br \/>\nCLOISON DOUBLE VITRAGE ESSENTIELLE<\/p>\n\t\t\t\t\t\t\t\t<\/div>\n\t\t\t\t<\/div>\n\t\t\t\t\t<\/div>\n\t\t<\/div>\n\t\t\t\t\t<\/div>\n\t\t<\/section>\n\t\t\t\t<section class=\"elementor-section elementor-top-section elementor-element elementor-element-69eb9ad elementor-section-boxed elementor-section-height-default elementor-section-height-default\" data-id=\"69eb9ad\" data-element_type=\"section\">\n\t\t\t\t\t\t<div class=\"elementor-container elementor-column-gap-default\">\n\t\t\t\t\t<div class=\"elementor-column elementor-col-25 elementor-top-column elementor-element elementor-element-a1e43f8\" data-id=\"a1e43f8\" data-element_type=\"column\">\n\t\t\t<div class=\"elementor-widget-wrap elementor-element-populated\">\n\t\t\t\t\t\t<div class=\"elementor-element elementor-element-d23824b elementor-widget elementor-widget-image\" data-id=\"d23824b\" data-element_type=\"widget\" data-widget_type=\"image.default\">\n\t\t\t\t<div class=\"elementor-widget-container\">\n\t\t\t\t\t\t\t\t\t\t\t\t\t\t\t\t<a href=\"https:\/\/adottawalls.com\/fr\/systemes\/wallen\/\">\n\t\t\t\t\t\t\t<img loading=\"lazy\" decoding=\"async\" width=\"508\" height=\"508\" src=\"https:\/\/adottawalls.com\/wp-content\/uploads\/2024\/02\/wallen-profile-system.jpg\" class=\"attachment-large size-large wp-image-6609\" alt=\"\" srcset=\"https:\/\/adottawalls.com\/wp-content\/uploads\/2024\/02\/wallen-profile-system.jpg 508w, https:\/\/adottawalls.com\/wp-content\/uploads\/2024\/02\/wallen-profile-system-300x300.jpg 300w, https:\/\/adottawalls.com\/wp-content\/uploads\/2024\/02\/wallen-profile-system-150x150.jpg 150w\" sizes=\"(max-width: 508px) 100vw, 508px\" \/>\t\t\t\t\t\t\t\t<\/a>\n\t\t\t\t\t\t\t\t\t\t\t\t\t\t\t<\/div>\n\t\t\t\t<\/div>\n\t\t\t\t<div class=\"elementor-element elementor-element-5e52536 elementor-widget elementor-widget-text-editor\" data-id=\"5e52536\" data-element_type=\"widget\" data-widget_type=\"text-editor.default\">\n\t\t\t\t<div class=\"elementor-widget-container\">\n\t\t\t\t\t\t\t\t\t<p>WALLEN<br \/>\nCLOISON EN BOIS<\/p>\n\t\t\t\t\t\t\t\t<\/div>\n\t\t\t\t<\/div>\n\t\t\t\t\t<\/div>\n\t\t<\/div>\n\t\t\t\t<div class=\"elementor-column elementor-col-25 elementor-top-column elementor-element elementor-element-8e99658\" data-id=\"8e99658\" data-element_type=\"column\">\n\t\t\t<div class=\"elementor-widget-wrap elementor-element-populated\">\n\t\t\t\t\t\t<div class=\"elementor-element elementor-element-c6dba3e elementor-widget elementor-widget-image\" data-id=\"c6dba3e\" data-element_type=\"widget\" data-widget_type=\"image.default\">\n\t\t\t\t<div class=\"elementor-widget-container\">\n\t\t\t\t\t\t\t\t\t\t\t\t\t\t\t\t<a href=\"https:\/\/adottawalls.com\/fr\/systemes\/wallen-duo\/\">\n\t\t\t\t\t\t\t<img loading=\"lazy\" decoding=\"async\" width=\"480\" height=\"480\" src=\"https:\/\/adottawalls.com\/wp-content\/uploads\/2024\/04\/wallen-duo-double-glazed-wooden-wall-profile-system.jpeg\" class=\"attachment-large size-large wp-image-8248\" alt=\"\" srcset=\"https:\/\/adottawalls.com\/wp-content\/uploads\/2024\/04\/wallen-duo-double-glazed-wooden-wall-profile-system.jpeg 480w, https:\/\/adottawalls.com\/wp-content\/uploads\/2024\/04\/wallen-duo-double-glazed-wooden-wall-profile-system-300x300.jpeg 300w, https:\/\/adottawalls.com\/wp-content\/uploads\/2024\/04\/wallen-duo-double-glazed-wooden-wall-profile-system-150x150.jpeg 150w\" sizes=\"(max-width: 480px) 100vw, 480px\" \/>\t\t\t\t\t\t\t\t<\/a>\n\t\t\t\t\t\t\t\t\t\t\t\t\t\t\t<\/div>\n\t\t\t\t<\/div>\n\t\t\t\t<div class=\"elementor-element elementor-element-57b9b2a elementor-widget elementor-widget-text-editor\" data-id=\"57b9b2a\" data-element_type=\"widget\" data-widget_type=\"text-editor.default\">\n\t\t\t\t<div class=\"elementor-widget-container\">\n\t\t\t\t\t\t\t\t\t<p>WALLEN DUO<br \/>\nCLOISON EN BOIS DOUBLE VITRAGE<\/p>\n\t\t\t\t\t\t\t\t<\/div>\n\t\t\t\t<\/div>\n\t\t\t\t\t<\/div>\n\t\t<\/div>\n\t\t\t\t<div class=\"elementor-column elementor-col-25 elementor-top-column elementor-element elementor-element-9190395\" data-id=\"9190395\" data-element_type=\"column\">\n\t\t\t<div class=\"elementor-widget-wrap elementor-element-populated\">\n\t\t\t\t\t\t<div class=\"elementor-element elementor-element-7cf8be8 elementor-widget elementor-widget-image\" data-id=\"7cf8be8\" data-element_type=\"widget\" data-widget_type=\"image.default\">\n\t\t\t\t<div class=\"elementor-widget-container\">\n\t\t\t\t\t\t\t\t\t\t\t\t\t\t\t\t<a href=\"https:\/\/adottawalls.com\/fr\/systemes\/armonica\/\">\n\t\t\t\t\t\t\t<img loading=\"lazy\" decoding=\"async\" width=\"508\" height=\"508\" src=\"https:\/\/adottawalls.com\/wp-content\/uploads\/2024\/02\/armonica-profile-system.jpg\" class=\"attachment-large size-large wp-image-6595\" alt=\"\" srcset=\"https:\/\/adottawalls.com\/wp-content\/uploads\/2024\/02\/armonica-profile-system.jpg 508w, https:\/\/adottawalls.com\/wp-content\/uploads\/2024\/02\/armonica-profile-system-300x300.jpg 300w, https:\/\/adottawalls.com\/wp-content\/uploads\/2024\/02\/armonica-profile-system-150x150.jpg 150w\" sizes=\"(max-width: 508px) 100vw, 508px\" \/>\t\t\t\t\t\t\t\t<\/a>\n\t\t\t\t\t\t\t\t\t\t\t\t\t\t\t<\/div>\n\t\t\t\t<\/div>\n\t\t\t\t<div class=\"elementor-element elementor-element-4b76fd2 elementor-widget elementor-widget-text-editor\" data-id=\"4b76fd2\" data-element_type=\"widget\" data-widget_type=\"text-editor.default\">\n\t\t\t\t<div class=\"elementor-widget-container\">\n\t\t\t\t\t\t\t\t\t<p><span style=\"font-weight: 400;\">ARMONICA<br \/>\nCLOISON DYNAMIQUE<\/span><\/p>\n\t\t\t\t\t\t\t\t<\/div>\n\t\t\t\t<\/div>\n\t\t\t\t\t<\/div>\n\t\t<\/div>\n\t\t\t\t<div class=\"elementor-column elementor-col-25 elementor-top-column elementor-element elementor-element-e776163\" data-id=\"e776163\" data-element_type=\"column\">\n\t\t\t<div class=\"elementor-widget-wrap elementor-element-populated\">\n\t\t\t\t\t\t<div class=\"elementor-element elementor-element-26a145e elementor-widget elementor-widget-image\" data-id=\"26a145e\" data-element_type=\"widget\" data-widget_type=\"image.default\">\n\t\t\t\t<div class=\"elementor-widget-container\">\n\t\t\t\t\t\t\t\t\t\t\t\t\t\t\t\t<a href=\"https:\/\/adottawalls.com\/fr\/systemes\/metafora\/\">\n\t\t\t\t\t\t\t<img loading=\"lazy\" decoding=\"async\" width=\"508\" height=\"508\" src=\"https:\/\/adottawalls.com\/wp-content\/uploads\/2024\/02\/blind-wall-profile-system.jpg\" class=\"attachment-large size-large wp-image-6597\" alt=\"\" srcset=\"https:\/\/adottawalls.com\/wp-content\/uploads\/2024\/02\/blind-wall-profile-system.jpg 508w, https:\/\/adottawalls.com\/wp-content\/uploads\/2024\/02\/blind-wall-profile-system-300x300.jpg 300w, https:\/\/adottawalls.com\/wp-content\/uploads\/2024\/02\/blind-wall-profile-system-150x150.jpg 150w\" sizes=\"(max-width: 508px) 100vw, 508px\" \/>\t\t\t\t\t\t\t\t<\/a>\n\t\t\t\t\t\t\t\t\t\t\t\t\t\t\t<\/div>\n\t\t\t\t<\/div>\n\t\t\t\t<div class=\"elementor-element elementor-element-696e63e elementor-widget elementor-widget-text-editor\" data-id=\"696e63e\" data-element_type=\"widget\" data-widget_type=\"text-editor.default\">\n\t\t\t\t<div class=\"elementor-widget-container\">\n\t\t\t\t\t\t\t\t\t<p>INTEGRA<br \/>\nCLOISON PLEINE<\/p>\n<p>&nbsp;<\/p>\n\t\t\t\t\t\t\t\t<\/div>\n\t\t\t\t<\/div>\n\t\t\t\t\t<\/div>\n\t\t<\/div>\n\t\t\t\t\t<\/div>\n\t\t<\/section>\n\t\t\t\t<section class=\"elementor-section elementor-top-section elementor-element elementor-element-bb5af09 elementor-section-boxed elementor-section-height-default elementor-section-height-default\" data-id=\"bb5af09\" data-element_type=\"section\">\n\t\t\t\t\t\t<div class=\"elementor-container elementor-column-gap-default\">\n\t\t\t\t\t<div class=\"elementor-column elementor-col-100 elementor-top-column elementor-element elementor-element-6af294c\" data-id=\"6af294c\" data-element_type=\"column\">\n\t\t\t<div class=\"elementor-widget-wrap elementor-element-populated\">\n\t\t\t\t\t\t<div class=\"elementor-element elementor-element-b3c262e elementor-widget elementor-widget-spacer\" data-id=\"b3c262e\" data-element_type=\"widget\" data-widget_type=\"spacer.default\">\n\t\t\t\t<div class=\"elementor-widget-container\">\n\t\t\t\t\t\t\t<div class=\"elementor-spacer\">\n\t\t\t<div class=\"elementor-spacer-inner\"><\/div>\n\t\t<\/div>\n\t\t\t\t\t\t<\/div>\n\t\t\t\t<\/div>\n\t\t\t\t\t<\/div>\n\t\t<\/div>\n\t\t\t\t\t<\/div>\n\t\t<\/section>\n\t\t\t\t<\/div>\n\t\t","protected":false},"excerpt":{"rendered":"<p>SYST\u00c8MES METAFORA CLOISON ORIGINALE M\u00c9TAFORA DUO CLOISON DOUBLE VITRAGE THESIS ESSENTIAL CLOISON THESIS DUO CLOISON DOUBLE VITRAGE ESSENTIELLE WALLEN CLOISON EN BOIS WALLEN DUO CLOISON EN BOIS DOUBLE VITRAGE ARMONICA CLOISON DYNAMIQUE INTEGRA CLOISON PLEINE &nbsp;<\/p>\n","protected":false},"author":1,"featured_media":0,"parent":0,"menu_order":0,"comment_status":"closed","ping_status":"closed","template":"","meta":{"_acf_changed":false,"footnotes":""},"class_list":["post-10164","page","type-page","status-publish","hentry"],"acf":[],"yoast_head":"<!-- This site is optimized with the Yoast SEO Premium plugin v25.9 (Yoast SEO v27.0) - https:\/\/yoast.com\/product\/yoast-seo-premium-wordpress\/ -->\n<title>Syst\u00e8mes - Adotta Walls<\/title>\n<meta name=\"robots\" content=\"index, follow, max-snippet:-1, max-image-preview:large, max-video-preview:-1\" \/>\n<link rel=\"canonical\" href=\"https:\/\/adottawalls.com\/fr\/systemes\/\" \/>\n<meta property=\"og:locale\" content=\"fr_FR\" \/>\n<meta property=\"og:type\" content=\"article\" \/>\n<meta property=\"og:title\" content=\"Syst\u00e8mes\" \/>\n<meta property=\"og:description\" content=\"SYST\u00c8MES METAFORA CLOISON ORIGINALE M\u00c9TAFORA DUO CLOISON DOUBLE VITRAGE THESIS ESSENTIAL CLOISON THESIS DUO CLOISON DOUBLE VITRAGE ESSENTIELLE WALLEN CLOISON EN BOIS WALLEN DUO CLOISON EN BOIS DOUBLE VITRAGE ARMONICA CLOISON DYNAMIQUE INTEGRA CLOISON PLEINE &nbsp;\" \/>\n<meta property=\"og:url\" content=\"https:\/\/adottawalls.com\/fr\/systemes\/\" \/>\n<meta property=\"og:site_name\" content=\"Adotta Walls\" \/>\n<meta property=\"article:modified_time\" content=\"2024-11-26T07:51:55+00:00\" \/>\n<meta property=\"og:image\" content=\"https:\/\/adottawalls.com\/wp-content\/uploads\/2024\/02\/metafora-profile-system.jpg\" \/>\n\t<meta property=\"og:image:width\" content=\"508\" \/>\n\t<meta property=\"og:image:height\" content=\"508\" \/>\n\t<meta property=\"og:image:type\" content=\"image\/jpeg\" \/>\n<meta name=\"twitter:card\" content=\"summary_large_image\" \/>\n<meta name=\"twitter:label1\" content=\"Dur\u00e9e de lecture estim\u00e9e\" \/>\n\t<meta name=\"twitter:data1\" content=\"2 minutes\" \/>\n<script type=\"application\/ld+json\" class=\"yoast-schema-graph\">{\"@context\":\"https:\/\/schema.org\",\"@graph\":[{\"@type\":\"WebPage\",\"@id\":\"https:\/\/adottawalls.com\/fr\/systemes\/\",\"url\":\"https:\/\/adottawalls.com\/fr\/systemes\/\",\"name\":\"Syst\u00e8mes - Adotta Walls\",\"isPartOf\":{\"@id\":\"https:\/\/adottawalls.com\/fr\/#website\"},\"primaryImageOfPage\":{\"@id\":\"https:\/\/adottawalls.com\/fr\/systemes\/#primaryimage\"},\"image\":{\"@id\":\"https:\/\/adottawalls.com\/fr\/systemes\/#primaryimage\"},\"thumbnailUrl\":\"https:\/\/adottawalls.com\/wp-content\/uploads\/2024\/02\/metafora-profile-system.jpg\",\"datePublished\":\"2023-08-21T07:43:55+00:00\",\"dateModified\":\"2024-11-26T07:51:55+00:00\",\"breadcrumb\":{\"@id\":\"https:\/\/adottawalls.com\/fr\/systemes\/#breadcrumb\"},\"inLanguage\":\"fr-FR\",\"potentialAction\":[{\"@type\":\"ReadAction\",\"target\":[\"https:\/\/adottawalls.com\/fr\/systemes\/\"]}]},{\"@type\":\"ImageObject\",\"inLanguage\":\"fr-FR\",\"@id\":\"https:\/\/adottawalls.com\/fr\/systemes\/#primaryimage\",\"url\":\"https:\/\/adottawalls.com\/wp-content\/uploads\/2024\/02\/metafora-profile-system.jpg\",\"contentUrl\":\"https:\/\/adottawalls.com\/wp-content\/uploads\/2024\/02\/metafora-profile-system.jpg\"},{\"@type\":\"BreadcrumbList\",\"@id\":\"https:\/\/adottawalls.com\/fr\/systemes\/#breadcrumb\",\"itemListElement\":[{\"@type\":\"ListItem\",\"position\":1,\"name\":\"Home\",\"item\":\"https:\/\/adottawalls.com\/fr\/\"},{\"@type\":\"ListItem\",\"position\":2,\"name\":\"Syst\u00e8mes\"}]},{\"@type\":\"WebSite\",\"@id\":\"https:\/\/adottawalls.com\/fr\/#website\",\"url\":\"https:\/\/adottawalls.com\/fr\/\",\"name\":\"Adotta Walls\",\"description\":\"WE ENHANCE ARCHITECTURE\",\"publisher\":{\"@id\":\"https:\/\/adottawalls.com\/fr\/#organization\"},\"potentialAction\":[{\"@type\":\"SearchAction\",\"target\":{\"@type\":\"EntryPoint\",\"urlTemplate\":\"https:\/\/adottawalls.com\/fr\/?s={search_term_string}\"},\"query-input\":{\"@type\":\"PropertyValueSpecification\",\"valueRequired\":true,\"valueName\":\"search_term_string\"}}],\"inLanguage\":\"fr-FR\"},{\"@type\":\"Organization\",\"@id\":\"https:\/\/adottawalls.com\/fr\/#organization\",\"name\":\"Adotta Walls\",\"url\":\"https:\/\/adottawalls.com\/fr\/\",\"logo\":{\"@type\":\"ImageObject\",\"inLanguage\":\"fr-FR\",\"@id\":\"https:\/\/adottawalls.com\/fr\/#\/schema\/logo\/image\/\",\"url\":\"https:\/\/adottawalls.com\/wp-content\/uploads\/2023\/08\/Adotta-Italia-Logo.png\",\"contentUrl\":\"https:\/\/adottawalls.com\/wp-content\/uploads\/2023\/08\/Adotta-Italia-Logo.png\",\"width\":241,\"height\":53,\"caption\":\"Adotta Walls\"},\"image\":{\"@id\":\"https:\/\/adottawalls.com\/fr\/#\/schema\/logo\/image\/\"},\"sameAs\":[\"https:\/\/www.linkedin.com\/company\/adotta-walls\",\"https:\/\/www.instagram.com\/adottawalls\/\"]}]}<\/script>\n<!-- \/ Yoast SEO Premium plugin. -->","yoast_head_json":{"title":"Syst\u00e8mes - Adotta Walls","robots":{"index":"index","follow":"follow","max-snippet":"max-snippet:-1","max-image-preview":"max-image-preview:large","max-video-preview":"max-video-preview:-1"},"canonical":"https:\/\/adottawalls.com\/fr\/systemes\/","og_locale":"fr_FR","og_type":"article","og_title":"Syst\u00e8mes","og_description":"SYST\u00c8MES METAFORA CLOISON ORIGINALE M\u00c9TAFORA DUO CLOISON DOUBLE VITRAGE THESIS ESSENTIAL CLOISON THESIS DUO CLOISON DOUBLE VITRAGE ESSENTIELLE WALLEN CLOISON EN BOIS WALLEN DUO CLOISON EN BOIS DOUBLE VITRAGE ARMONICA CLOISON DYNAMIQUE INTEGRA CLOISON PLEINE &nbsp;","og_url":"https:\/\/adottawalls.com\/fr\/systemes\/","og_site_name":"Adotta Walls","article_modified_time":"2024-11-26T07:51:55+00:00","og_image":[{"width":508,"height":508,"url":"https:\/\/adottawalls.com\/wp-content\/uploads\/2024\/02\/metafora-profile-system.jpg","type":"image\/jpeg"}],"twitter_card":"summary_large_image","twitter_misc":{"Dur\u00e9e de lecture estim\u00e9e":"2 minutes"},"schema":{"@context":"https:\/\/schema.org","@graph":[{"@type":"WebPage","@id":"https:\/\/adottawalls.com\/fr\/systemes\/","url":"https:\/\/adottawalls.com\/fr\/systemes\/","name":"Syst\u00e8mes - Adotta Walls","isPartOf":{"@id":"https:\/\/adottawalls.com\/fr\/#website"},"primaryImageOfPage":{"@id":"https:\/\/adottawalls.com\/fr\/systemes\/#primaryimage"},"image":{"@id":"https:\/\/adottawalls.com\/fr\/systemes\/#primaryimage"},"thumbnailUrl":"https:\/\/adottawalls.com\/wp-content\/uploads\/2024\/02\/metafora-profile-system.jpg","datePublished":"2023-08-21T07:43:55+00:00","dateModified":"2024-11-26T07:51:55+00:00","breadcrumb":{"@id":"https:\/\/adottawalls.com\/fr\/systemes\/#breadcrumb"},"inLanguage":"fr-FR","potentialAction":[{"@type":"ReadAction","target":["https:\/\/adottawalls.com\/fr\/systemes\/"]}]},{"@type":"ImageObject","inLanguage":"fr-FR","@id":"https:\/\/adottawalls.com\/fr\/systemes\/#primaryimage","url":"https:\/\/adottawalls.com\/wp-content\/uploads\/2024\/02\/metafora-profile-system.jpg","contentUrl":"https:\/\/adottawalls.com\/wp-content\/uploads\/2024\/02\/metafora-profile-system.jpg"},{"@type":"BreadcrumbList","@id":"https:\/\/adottawalls.com\/fr\/systemes\/#breadcrumb","itemListElement":[{"@type":"ListItem","position":1,"name":"Home","item":"https:\/\/adottawalls.com\/fr\/"},{"@type":"ListItem","position":2,"name":"Syst\u00e8mes"}]},{"@type":"WebSite","@id":"https:\/\/adottawalls.com\/fr\/#website","url":"https:\/\/adottawalls.com\/fr\/","name":"Adotta Walls","description":"WE ENHANCE ARCHITECTURE","publisher":{"@id":"https:\/\/adottawalls.com\/fr\/#organization"},"potentialAction":[{"@type":"SearchAction","target":{"@type":"EntryPoint","urlTemplate":"https:\/\/adottawalls.com\/fr\/?s={search_term_string}"},"query-input":{"@type":"PropertyValueSpecification","valueRequired":true,"valueName":"search_term_string"}}],"inLanguage":"fr-FR"},{"@type":"Organization","@id":"https:\/\/adottawalls.com\/fr\/#organization","name":"Adotta Walls","url":"https:\/\/adottawalls.com\/fr\/","logo":{"@type":"ImageObject","inLanguage":"fr-FR","@id":"https:\/\/adottawalls.com\/fr\/#\/schema\/logo\/image\/","url":"https:\/\/adottawalls.com\/wp-content\/uploads\/2023\/08\/Adotta-Italia-Logo.png","contentUrl":"https:\/\/adottawalls.com\/wp-content\/uploads\/2023\/08\/Adotta-Italia-Logo.png","width":241,"height":53,"caption":"Adotta Walls"},"image":{"@id":"https:\/\/adottawalls.com\/fr\/#\/schema\/logo\/image\/"},"sameAs":["https:\/\/www.linkedin.com\/company\/adotta-walls","https:\/\/www.instagram.com\/adottawalls\/"]}]}},"_links":{"self":[{"href":"https:\/\/adottawalls.com\/fr\/wp-json\/wp\/v2\/pages\/10164","targetHints":{"allow":["GET"]}}],"collection":[{"href":"https:\/\/adottawalls.com\/fr\/wp-json\/wp\/v2\/pages"}],"about":[{"href":"https:\/\/adottawalls.com\/fr\/wp-json\/wp\/v2\/types\/page"}],"author":[{"embeddable":true,"href":"https:\/\/adottawalls.com\/fr\/wp-json\/wp\/v2\/users\/1"}],"replies":[{"embeddable":true,"href":"https:\/\/adottawalls.com\/fr\/wp-json\/wp\/v2\/comments?post=10164"}],"version-history":[{"count":5,"href":"https:\/\/adottawalls.com\/fr\/wp-json\/wp\/v2\/pages\/10164\/revisions"}],"predecessor-version":[{"id":10483,"href":"https:\/\/adottawalls.com\/fr\/wp-json\/wp\/v2\/pages\/10164\/revisions\/10483"}],"wp:attachment":[{"href":"https:\/\/adottawalls.com\/fr\/wp-json\/wp\/v2\/media?parent=10164"}],"curies":[{"name":"wp","href":"https:\/\/api.w.org\/{rel}","templated":true}]}}