{"id":10395,"date":"2024-05-22T18:02:38","date_gmt":"2024-05-22T16:02:38","guid":{"rendered":"https:\/\/adottawalls.com\/new-york-showroom-virtual-tour\/"},"modified":"2026-01-14T09:56:45","modified_gmt":"2026-01-14T08:56:45","slug":"ny-market-2026","status":"publish","type":"page","link":"https:\/\/adottawalls.com\/fr\/ny-market-2026\/","title":{"rendered":"Ny Market 2026"},"content":{"rendered":"\t\t<div data-elementor-type=\"wp-page\" data-elementor-id=\"10395\" class=\"elementor elementor-10395 elementor-8884\" data-elementor-post-type=\"page\">\n\t\t\t\t\t\t<section class=\"elementor-section elementor-top-section elementor-element elementor-element-970c31d elementor-section-boxed elementor-section-height-default elementor-section-height-default\" data-id=\"970c31d\" data-element_type=\"section\">\n\t\t\t\t\t\t<div class=\"elementor-container elementor-column-gap-default\">\n\t\t\t\t\t<div class=\"elementor-column elementor-col-100 elementor-top-column elementor-element elementor-element-d2c6fcf\" data-id=\"d2c6fcf\" data-element_type=\"column\">\n\t\t\t<div class=\"elementor-widget-wrap elementor-element-populated\">\n\t\t\t\t\t\t<div class=\"elementor-element elementor-element-03185c7 elementor-widget elementor-widget-text-editor\" data-id=\"03185c7\" data-element_type=\"widget\" data-widget_type=\"text-editor.default\">\n\t\t\t\t<div class=\"elementor-widget-container\">\n\t\t\t\t\t\t\t\t\t<p>Apr\u00e8s quinze ann\u00e9es de collaboration fructueuse, Adotta et Wing Partners ont convenu d\u2019un commun accord de mettre fin \u00e0 leur partenariat avec effet au 31 d\u00e9cembre 2025.<\/p><p><br \/>Au fil des ann\u00e9es, les deux entreprises ont r\u00e9alis\u00e9 de nombreux projets remarquables, contribuant de mani\u00e8re significative \u00e0 la croissance et au d\u00e9veloppement du march\u00e9 de New York. \u00c0 mesure que leurs priorit\u00e9s et strat\u00e9gies respectives ont \u00e9volu\u00e9, Adotta et Wing Partners ont d\u00e9cid\u00e9 de poursuivre des trajectoires ind\u00e9pendantes pour leurs activit\u00e9s futures.<\/p><p><br \/>\u00c0 compter du 1er janvier 2026, Adotta \u00e9tablira une pr\u00e9sence directe \u00e0 New York City, afin d\u2019assurer un accompagnement continu et un support d\u00e9di\u00e9 aux agences d\u2019architecture, entreprises g\u00e9n\u00e9rales (general contractors) et clients.<\/p><p><br \/>Les deux entreprises souhaitent exprimer leur sinc\u00e8re gratitude pour les r\u00e9sultats obtenus ensemble et r\u00e9affirment leur engagement \u00e0 promouvoir le d\u00e9veloppement du design et de la construction innovants \u00e0 New York City.<\/p><p><em>Adotta<\/em><\/p>\t\t\t\t\t\t\t\t<\/div>\n\t\t\t\t<\/div>\n\t\t\t\t\t<\/div>\n\t\t<\/div>\n\t\t\t\t\t<\/div>\n\t\t<\/section>\n\t\t\t\t<section class=\"elementor-section elementor-top-section elementor-element elementor-element-5aff3b9 elementor-hidden-desktop elementor-hidden-tablet elementor-hidden-mobile elementor-section-boxed elementor-section-height-default elementor-section-height-default\" data-id=\"5aff3b9\" data-element_type=\"section\">\n\t\t\t\t\t\t<div class=\"elementor-container elementor-column-gap-default\">\n\t\t\t\t\t<div class=\"elementor-column elementor-col-100 elementor-top-column elementor-element elementor-element-2619da8\" data-id=\"2619da8\" data-element_type=\"column\">\n\t\t\t<div class=\"elementor-widget-wrap elementor-element-populated\">\n\t\t\t\t\t\t<div class=\"elementor-element elementor-element-30d3a99 elementor-widget elementor-widget-html\" data-id=\"30d3a99\" data-element_type=\"widget\" data-widget_type=\"html.default\">\n\t\t\t\t<div class=\"elementor-widget-container\">\n\t\t\t\t\t<iframe src=\"https:\/\/my.matterport.com\/show\/?m=xMkGTZp4Yf3&lang=eN\" frameborder=\"0\" width=\"1440\" height=\"800\"><\/iframe>\t\t\t\t<\/div>\n\t\t\t\t<\/div>\n\t\t\t\t\t<\/div>\n\t\t<\/div>\n\t\t\t\t\t<\/div>\n\t\t<\/section>\n\t\t\t\t<section class=\"elementor-section elementor-top-section elementor-element elementor-element-ef81dea elementor-hidden-desktop elementor-hidden-tablet elementor-hidden-mobile elementor-section-boxed elementor-section-height-default elementor-section-height-default\" data-id=\"ef81dea\" data-element_type=\"section\">\n\t\t\t\t\t\t<div class=\"elementor-container elementor-column-gap-default\">\n\t\t\t\t\t<div class=\"elementor-column elementor-col-50 elementor-top-column elementor-element elementor-element-f77c818\" data-id=\"f77c818\" data-element_type=\"column\">\n\t\t\t<div class=\"elementor-widget-wrap elementor-element-populated\">\n\t\t\t\t\t\t<div class=\"elementor-element elementor-element-6af1034 elementor-icon-list--layout-traditional elementor-list-item-link-full_width elementor-widget elementor-widget-icon-list\" data-id=\"6af1034\" data-element_type=\"widget\" data-widget_type=\"icon-list.default\">\n\t\t\t\t<div class=\"elementor-widget-container\">\n\t\t\t\t\t\t\t<ul class=\"elementor-icon-list-items\">\n\t\t\t\t\t\t\t<li class=\"elementor-icon-list-item\">\n\t\t\t\t\t\t\t\t\t\t\t<a href=\"https:\/\/adottawalls.com\/fr\/projets\/adotta-showroom-new-york\/\">\n\n\t\t\t\t\t\t\t\t\t\t\t<span class=\"elementor-icon-list-text\">ACC\u00c9DER \u00c0 LA PAGE DU PROJET ><\/span>\n\t\t\t\t\t\t\t\t\t\t\t<\/a>\n\t\t\t\t\t\t\t\t\t<\/li>\n\t\t\t\t\t\t<\/ul>\n\t\t\t\t\t\t<\/div>\n\t\t\t\t<\/div>\n\t\t\t\t\t<\/div>\n\t\t<\/div>\n\t\t\t\t<div class=\"elementor-column elementor-col-50 elementor-top-column elementor-element elementor-element-b88518d\" data-id=\"b88518d\" data-element_type=\"column\">\n\t\t\t<div class=\"elementor-widget-wrap elementor-element-populated\">\n\t\t\t\t\t\t<div class=\"elementor-element elementor-element-3e331c6 elementor-icon-list--layout-traditional elementor-list-item-link-full_width elementor-widget elementor-widget-icon-list\" data-id=\"3e331c6\" data-element_type=\"widget\" data-widget_type=\"icon-list.default\">\n\t\t\t\t<div class=\"elementor-widget-container\">\n\t\t\t\t\t\t\t<ul class=\"elementor-icon-list-items\">\n\t\t\t\t\t\t\t<li class=\"elementor-icon-list-item\">\n\t\t\t\t\t\t\t\t\t\t\t<a href=\"https:\/\/adottawalls.com\/fr\/projets\/adotta-showroom-new-york\/\" target=\"_blank\" rel=\"nofollow\">\n\n\t\t\t\t\t\t\t\t\t\t\t<span class=\"elementor-icon-list-text\">OUVRIR LA PAGE COMPL\u00c8TE ><\/span>\n\t\t\t\t\t\t\t\t\t\t\t<\/a>\n\t\t\t\t\t\t\t\t\t<\/li>\n\t\t\t\t\t\t<\/ul>\n\t\t\t\t\t\t<\/div>\n\t\t\t\t<\/div>\n\t\t\t\t\t<\/div>\n\t\t<\/div>\n\t\t\t\t\t<\/div>\n\t\t<\/section>\n\t\t\t\t<section class=\"elementor-section elementor-top-section elementor-element elementor-element-0740853 elementor-section-boxed elementor-section-height-default elementor-section-height-default\" data-id=\"0740853\" data-element_type=\"section\">\n\t\t\t\t\t\t<div class=\"elementor-container elementor-column-gap-default\">\n\t\t\t\t\t<div class=\"elementor-column elementor-col-100 elementor-top-column elementor-element elementor-element-73bb725\" data-id=\"73bb725\" data-element_type=\"column\">\n\t\t\t<div class=\"elementor-widget-wrap elementor-element-populated\">\n\t\t\t\t\t\t<div class=\"elementor-element elementor-element-1b8f1f0 elementor-widget elementor-widget-spacer\" data-id=\"1b8f1f0\" data-element_type=\"widget\" data-widget_type=\"spacer.default\">\n\t\t\t\t<div class=\"elementor-widget-container\">\n\t\t\t\t\t\t\t<div class=\"elementor-spacer\">\n\t\t\t<div class=\"elementor-spacer-inner\"><\/div>\n\t\t<\/div>\n\t\t\t\t\t\t<\/div>\n\t\t\t\t<\/div>\n\t\t\t\t\t<\/div>\n\t\t<\/div>\n\t\t\t\t\t<\/div>\n\t\t<\/section>\n\t\t\t\t<\/div>\n\t\t","protected":false},"excerpt":{"rendered":"<p>Apr\u00e8s quinze ann\u00e9es de collaboration fructueuse, Adotta et Wing Partners ont convenu d\u2019un commun accord de mettre fin \u00e0 leur partenariat avec effet au 31 d\u00e9cembre 2025. Au fil des ann\u00e9es, les deux entreprises ont r\u00e9alis\u00e9 de nombreux projets remarquables, contribuant de mani\u00e8re significative \u00e0 la croissance et au d\u00e9veloppement du march\u00e9 de New York. [&hellip;]<\/p>\n","protected":false},"author":1,"featured_media":0,"parent":0,"menu_order":0,"comment_status":"closed","ping_status":"closed","template":"","meta":{"_acf_changed":false,"footnotes":""},"class_list":["post-10395","page","type-page","status-publish","hentry"],"acf":[],"yoast_head":"<!-- This site is optimized with the Yoast SEO Premium plugin v25.9 (Yoast SEO v27.0) - https:\/\/yoast.com\/product\/yoast-seo-premium-wordpress\/ -->\n<title>Ny Market 2026 - Adotta Walls<\/title>\n<meta name=\"robots\" content=\"index, follow, max-snippet:-1, max-image-preview:large, max-video-preview:-1\" \/>\n<link rel=\"canonical\" href=\"https:\/\/adottawalls.com\/fr\/ny-market-2026\/\" \/>\n<meta property=\"og:locale\" content=\"fr_FR\" \/>\n<meta property=\"og:type\" content=\"article\" \/>\n<meta property=\"og:title\" content=\"Ny Market 2026\" \/>\n<meta property=\"og:description\" content=\"Apr\u00e8s quinze ann\u00e9es de collaboration fructueuse, Adotta et Wing Partners ont convenu d\u2019un commun accord de mettre fin \u00e0 leur partenariat avec effet au 31 d\u00e9cembre 2025. Au fil des ann\u00e9es, les deux entreprises ont r\u00e9alis\u00e9 de nombreux projets remarquables, contribuant de mani\u00e8re significative \u00e0 la croissance et au d\u00e9veloppement du march\u00e9 de New York. [&hellip;]\" \/>\n<meta property=\"og:url\" content=\"https:\/\/adottawalls.com\/fr\/ny-market-2026\/\" \/>\n<meta property=\"og:site_name\" content=\"Adotta Walls\" \/>\n<meta property=\"article:modified_time\" content=\"2026-01-14T08:56:45+00:00\" \/>\n<meta name=\"twitter:card\" content=\"summary_large_image\" \/>\n<meta name=\"twitter:label1\" content=\"Dur\u00e9e de lecture estim\u00e9e\" \/>\n\t<meta name=\"twitter:data1\" content=\"1 minute\" \/>\n<script type=\"application\/ld+json\" class=\"yoast-schema-graph\">{\"@context\":\"https:\/\/schema.org\",\"@graph\":[{\"@type\":\"WebPage\",\"@id\":\"https:\/\/adottawalls.com\/fr\/ny-market-2026\/\",\"url\":\"https:\/\/adottawalls.com\/fr\/ny-market-2026\/\",\"name\":\"Ny Market 2026 - Adotta Walls\",\"isPartOf\":{\"@id\":\"https:\/\/adottawalls.com\/fr\/#website\"},\"datePublished\":\"2024-05-22T16:02:38+00:00\",\"dateModified\":\"2026-01-14T08:56:45+00:00\",\"breadcrumb\":{\"@id\":\"https:\/\/adottawalls.com\/fr\/ny-market-2026\/#breadcrumb\"},\"inLanguage\":\"fr-FR\",\"potentialAction\":[{\"@type\":\"ReadAction\",\"target\":[\"https:\/\/adottawalls.com\/fr\/ny-market-2026\/\"]}]},{\"@type\":\"BreadcrumbList\",\"@id\":\"https:\/\/adottawalls.com\/fr\/ny-market-2026\/#breadcrumb\",\"itemListElement\":[{\"@type\":\"ListItem\",\"position\":1,\"name\":\"Home\",\"item\":\"https:\/\/adottawalls.com\/fr\/\"},{\"@type\":\"ListItem\",\"position\":2,\"name\":\"Ny Market 2026\"}]},{\"@type\":\"WebSite\",\"@id\":\"https:\/\/adottawalls.com\/fr\/#website\",\"url\":\"https:\/\/adottawalls.com\/fr\/\",\"name\":\"Adotta Walls\",\"description\":\"WE ENHANCE ARCHITECTURE\",\"publisher\":{\"@id\":\"https:\/\/adottawalls.com\/fr\/#organization\"},\"potentialAction\":[{\"@type\":\"SearchAction\",\"target\":{\"@type\":\"EntryPoint\",\"urlTemplate\":\"https:\/\/adottawalls.com\/fr\/?s={search_term_string}\"},\"query-input\":{\"@type\":\"PropertyValueSpecification\",\"valueRequired\":true,\"valueName\":\"search_term_string\"}}],\"inLanguage\":\"fr-FR\"},{\"@type\":\"Organization\",\"@id\":\"https:\/\/adottawalls.com\/fr\/#organization\",\"name\":\"Adotta Walls\",\"url\":\"https:\/\/adottawalls.com\/fr\/\",\"logo\":{\"@type\":\"ImageObject\",\"inLanguage\":\"fr-FR\",\"@id\":\"https:\/\/adottawalls.com\/fr\/#\/schema\/logo\/image\/\",\"url\":\"https:\/\/adottawalls.com\/wp-content\/uploads\/2023\/08\/Adotta-Italia-Logo.png\",\"contentUrl\":\"https:\/\/adottawalls.com\/wp-content\/uploads\/2023\/08\/Adotta-Italia-Logo.png\",\"width\":241,\"height\":53,\"caption\":\"Adotta Walls\"},\"image\":{\"@id\":\"https:\/\/adottawalls.com\/fr\/#\/schema\/logo\/image\/\"},\"sameAs\":[\"https:\/\/www.linkedin.com\/company\/adotta-walls\",\"https:\/\/www.instagram.com\/adottawalls\/\"]}]}<\/script>\n<!-- \/ Yoast SEO Premium plugin. -->","yoast_head_json":{"title":"Ny Market 2026 - Adotta Walls","robots":{"index":"index","follow":"follow","max-snippet":"max-snippet:-1","max-image-preview":"max-image-preview:large","max-video-preview":"max-video-preview:-1"},"canonical":"https:\/\/adottawalls.com\/fr\/ny-market-2026\/","og_locale":"fr_FR","og_type":"article","og_title":"Ny Market 2026","og_description":"Apr\u00e8s quinze ann\u00e9es de collaboration fructueuse, Adotta et Wing Partners ont convenu d\u2019un commun accord de mettre fin \u00e0 leur partenariat avec effet au 31 d\u00e9cembre 2025. Au fil des ann\u00e9es, les deux entreprises ont r\u00e9alis\u00e9 de nombreux projets remarquables, contribuant de mani\u00e8re significative \u00e0 la croissance et au d\u00e9veloppement du march\u00e9 de New York. [&hellip;]","og_url":"https:\/\/adottawalls.com\/fr\/ny-market-2026\/","og_site_name":"Adotta Walls","article_modified_time":"2026-01-14T08:56:45+00:00","twitter_card":"summary_large_image","twitter_misc":{"Dur\u00e9e de lecture estim\u00e9e":"1 minute"},"schema":{"@context":"https:\/\/schema.org","@graph":[{"@type":"WebPage","@id":"https:\/\/adottawalls.com\/fr\/ny-market-2026\/","url":"https:\/\/adottawalls.com\/fr\/ny-market-2026\/","name":"Ny Market 2026 - Adotta Walls","isPartOf":{"@id":"https:\/\/adottawalls.com\/fr\/#website"},"datePublished":"2024-05-22T16:02:38+00:00","dateModified":"2026-01-14T08:56:45+00:00","breadcrumb":{"@id":"https:\/\/adottawalls.com\/fr\/ny-market-2026\/#breadcrumb"},"inLanguage":"fr-FR","potentialAction":[{"@type":"ReadAction","target":["https:\/\/adottawalls.com\/fr\/ny-market-2026\/"]}]},{"@type":"BreadcrumbList","@id":"https:\/\/adottawalls.com\/fr\/ny-market-2026\/#breadcrumb","itemListElement":[{"@type":"ListItem","position":1,"name":"Home","item":"https:\/\/adottawalls.com\/fr\/"},{"@type":"ListItem","position":2,"name":"Ny Market 2026"}]},{"@type":"WebSite","@id":"https:\/\/adottawalls.com\/fr\/#website","url":"https:\/\/adottawalls.com\/fr\/","name":"Adotta Walls","description":"WE ENHANCE ARCHITECTURE","publisher":{"@id":"https:\/\/adottawalls.com\/fr\/#organization"},"potentialAction":[{"@type":"SearchAction","target":{"@type":"EntryPoint","urlTemplate":"https:\/\/adottawalls.com\/fr\/?s={search_term_string}"},"query-input":{"@type":"PropertyValueSpecification","valueRequired":true,"valueName":"search_term_string"}}],"inLanguage":"fr-FR"},{"@type":"Organization","@id":"https:\/\/adottawalls.com\/fr\/#organization","name":"Adotta Walls","url":"https:\/\/adottawalls.com\/fr\/","logo":{"@type":"ImageObject","inLanguage":"fr-FR","@id":"https:\/\/adottawalls.com\/fr\/#\/schema\/logo\/image\/","url":"https:\/\/adottawalls.com\/wp-content\/uploads\/2023\/08\/Adotta-Italia-Logo.png","contentUrl":"https:\/\/adottawalls.com\/wp-content\/uploads\/2023\/08\/Adotta-Italia-Logo.png","width":241,"height":53,"caption":"Adotta Walls"},"image":{"@id":"https:\/\/adottawalls.com\/fr\/#\/schema\/logo\/image\/"},"sameAs":["https:\/\/www.linkedin.com\/company\/adotta-walls","https:\/\/www.instagram.com\/adottawalls\/"]}]}},"_links":{"self":[{"href":"https:\/\/adottawalls.com\/fr\/wp-json\/wp\/v2\/pages\/10395","targetHints":{"allow":["GET"]}}],"collection":[{"href":"https:\/\/adottawalls.com\/fr\/wp-json\/wp\/v2\/pages"}],"about":[{"href":"https:\/\/adottawalls.com\/fr\/wp-json\/wp\/v2\/types\/page"}],"author":[{"embeddable":true,"href":"https:\/\/adottawalls.com\/fr\/wp-json\/wp\/v2\/users\/1"}],"replies":[{"embeddable":true,"href":"https:\/\/adottawalls.com\/fr\/wp-json\/wp\/v2\/comments?post=10395"}],"version-history":[{"count":7,"href":"https:\/\/adottawalls.com\/fr\/wp-json\/wp\/v2\/pages\/10395\/revisions"}],"predecessor-version":[{"id":13310,"href":"https:\/\/adottawalls.com\/fr\/wp-json\/wp\/v2\/pages\/10395\/revisions\/13310"}],"wp:attachment":[{"href":"https:\/\/adottawalls.com\/fr\/wp-json\/wp\/v2\/media?parent=10395"}],"curies":[{"name":"wp","href":"https:\/\/api.w.org\/{rel}","templated":true}]}}